{"id":495,"date":"2022-01-26T10:15:43","date_gmt":"2022-01-26T10:15:43","guid":{"rendered":"https:\/\/minersafeed.com\/sulquisa\/?page_id=495"},"modified":"2023-07-13T11:18:42","modified_gmt":"2023-07-13T11:18:42","slug":"privacy-policy","status":"publish","type":"page","link":"http:\/\/www.sulquisa.com\/en\/privacy-policy\/","title":{"rendered":"Privacy Policy"},"content":{"rendered":"<div class=\"wpb-content-wrapper\"><p>[vc_row full_width=&#8221;stretch_row&#8221; css=&#8221;.vc_custom_1626758718078{background-image: url(http:\/\/www.sulquisa.com\/wp-content\/uploads\/2021\/07\/Cabecera_03.jpg?id=15) !important;background-position: center !important;background-repeat: no-repeat !important;background-size: cover !important;}&#8221; el_class=&#8221;titular&#8221;][vc_column][vc_column_text css=&#8221;.vc_custom_1645705161808{margin-bottom: 0px !important;padding-bottom: 20px !important;}&#8221;]Privacy Policy[\/vc_column_text][vc_column_text el_class=&#8221;breadcrumb&#8221;]<span><span><a href=\"http:\/\/www.sulquisa.com\/en\/\">Home<\/a><\/span><\/span>[\/vc_column_text][\/vc_column][\/vc_row][vc_row el_class=&#8221;texto_legales&#8221;][vc_column][vc_column_text]<\/p>\n<section id=\"col_cent\">\n<article>\n<article>\n<hgroup>\n<h1>AVISO LEGAL<\/h1>\n<\/hgroup>\n<p><strong>T\u00e9rminos de uso<\/strong><\/p>\n<p><strong>1. Objeto<\/strong><\/p>\n<p>El prestador, responsable del sitio web, pone a disposici\u00f3n de los usuarios el presente documento con el que pretende dar cumplimiento a las obligaciones dispuestas en la Ley 34\/2002, de Servicios de la Sociedad de la Informaci\u00f3n y del Comercio Electr\u00f3nico (LSSI-CE), as\u00ed como informar a todos los usuarios del sitio web respecto a cu\u00e1les son las condiciones de uso del sitio web. Toda persona que acceda a este sitio web asume el papel de usuario, comprometi\u00e9ndose a la observancia y cumplimiento riguroso de las disposiciones aqu\u00ed dispuestas, as\u00ed como a cualesquiera otra disposici\u00f3n legal que fuera de aplicaci\u00f3n.<\/p>\n<p>El prestador se reserva el derecho a modificar cualquier tipo de informaci\u00f3n que pudiera aparecer en el sitio web, sin que exista obligaci\u00f3n de preavisar o poner en conocimiento de los usuarios dichas obligaciones, entendi\u00e9ndose como suficiente con la publicaci\u00f3n en el sitio web del prestador.<\/p>\n<p><strong>2. Responsabilidad<\/strong><\/p>\n<p>El prestador se exime de cualquier tipo de responsabilidad derivada de la informaci\u00f3n publicada en su sitio web, siempre que esta informaci\u00f3n haya sido manipulada o introducida por un tercero ajeno al mismo. El sitio web del prestador puede utilizar cookies (peque\u00f1os archivos de informaci\u00f3n que el servidor env\u00eda al ordenador de quien accede a la p\u00e1gina) para llevar a cabo determinadas funciones que son consideradas imprescindibles para el correcto funcionamiento y visualizaci\u00f3n del sitio. Las cookies utilizadas en el sitio web tienen, en todo caso, car\u00e1cter temporal con la \u00fanica finalidad de hacer m\u00e1s eficaz su transmisi\u00f3n ulterior y desaparecen al terminar la sesi\u00f3n del usuario. En ning\u00fan caso se utilizar\u00e1n las cookies para recoger informaci\u00f3n de car\u00e1cter personal.<\/p>\n<p>Desde el sitio web del cliente es posible que se redirija a contenidos de terceros sitios web. Dado que el prestador no puede controlar siempre los contenidos introducidos por los terceros en sus sitios web, \u00e9ste no asume ning\u00fan tipo de responsabilidad respecto a dichos contenidos. En todo caso, el prestador manifiesta que proceder\u00e1 a la retirada inmediata de cualquier contenido que pudiera contravenir la legislaci\u00f3n nacional o internacional, la moral o el orden p\u00fablico, procediendo a la retirada inmediata de la redirecci\u00f3n a dicho sitio web, poniendo en conocimiento de las autoridades competentes el contenido en cuesti\u00f3n.<\/p>\n<p>El prestador no se hace responsable de la informaci\u00f3n y contenidos almacenados, a t\u00edtulo enunciativo pero no limitativo, en foros, chats, generadores de blogs, comentarios, redes sociales o cualesquiera otro medio que permita a terceros publicar contenidos de forma independiente en la p\u00e1gina web del prestador. No obstante y en cumplimiento de lo dispuesto en el art. 11 y 16 de la LSSI-CE, el prestador se pone a disposici\u00f3n de todos los usuarios, autoridades y fuerzas de seguridad, y colaborando de forma activa en la retirada o en su caso bloqueo de todos aquellos contenidos que pudieran afectar o contravenir la legislaci\u00f3n nacional, o internacional, derechos de terceros o la moral y el orden p\u00fablico. En caso de que el usuario considere que existe en el sitio web alg\u00fan contenido que pudiera ser susceptible de esta clasificaci\u00f3n, se ruega lo notifique de forma inmediata al administrador del sitio web.<\/p>\n<p>Este sitio web ha sido revisado y probado para que funcione correctamente. En principio, puede garantizarse el correcto funcionamiento los 365 d\u00edas del a\u00f1o, 24 horas al d\u00eda. No obstante, el prestador no descarta la posibilidad de que existan ciertos errores de programaci\u00f3n, o que acontezcan causas de fuerza mayor, cat\u00e1strofes naturales, huelgas, o circunstancias semejantes que hagan imposible el acceso a la p\u00e1gina web.<\/p>\n<p><strong>3. Portal de privacidad en el sitio Web<\/strong><\/p>\n<p>En virtud del art\u00edculo 13 del Reglamento (UE) 2016\/679 del Parlamento Europeo y del Consejo, de 27 de abril de 2016, relativo a la protecci\u00f3n de las personas f\u00edsicas en lo que respecta al tratamiento de datos personales y a la libre circulaci\u00f3n de estos datos (Reglamento General de Protecci\u00f3n de Datos): (a) los datos personales de las Partes que se capten durante la negociaci\u00f3n o ejecuci\u00f3n del Contrato ser\u00e1n tratados por las Partes (como responsables) con los fines relacionados con el objeto del Contrato o para el cumplimiento de exigencias legales, en base a la ejecuci\u00f3n del Contrato; (b) las Partes mantendr\u00e1n los datos personales durante el tiempo necesario para cumplir con las obligaciones legales, (c) los datos de las Partes ser\u00e1n accesibles \u00fanicamente alos consultores o afiliados de las Partes o a las personas designadas para tratar los datos relacionados con los fines establecidos en el p\u00e1rrafo (a) y no se comunicar\u00e1n a terceros, (d) en relaci\u00f3n con el tratamiento de los datos de las Partes, estas pueden ejercer sus derechos de acceso, rectificaci\u00f3n, oposici\u00f3n, supresi\u00f3n, limitaci\u00f3n del tratamiento, y portabilidad de datos a trav\u00e9s de la direcci\u00f3n <a href=\"mailto:lopd@minersa.com\">lopd@minersa.com<\/a><\/p>\n<p><strong>3.1 Responsable del tratamiento<\/strong><\/p>\n<p>C.I.F.: A-48048771<\/p>\n<p>Domicilio social: c\/Avda Algorta n\u00ba 16 &#8211; 48992 Getxo (Vizcaya)<\/p>\n<p>Tel\u00e9fono: 942-879900<\/p>\n<p>Fax: 942-879246<\/p>\n<p>Correo electr\u00f3nico para atenci\u00f3n de solicitudes en materia de datos personales: <a href=\"mailto:lopd@minersa.com\" rel=\"noreferrer\">lopd@minersa.com<\/a><\/p>\n<p><strong>3.2 Finalidades del tratamiento de los datos Personales<\/strong><\/p>\n<p>SULQUISA, S.A. trata los datos personales recabados para la prestaci\u00f3n de sus servicios vinculados a la exploraci\u00f3n, investigaci\u00f3n y aprovechamiento de toda clase de yacimientos minerales y dem\u00e1s recursos geol\u00f3gicos.<\/p>\n<p>Respecto de cada uno de los servicios y tratamientos de datos que se efect\u00faen y en tanto impliquen gesti\u00f3n de informaci\u00f3n personal, la persona usuaria encontrar\u00e1 en este portal de privacidad una pol\u00edtica informativa espec\u00edfica.<\/p>\n<p><strong>3.3 Procedencia de los datos<\/strong><\/p>\n<p>Los datos personales recabados proceden directamente de la informaci\u00f3n ofrecida por las personas.<\/p>\n<p><strong>3.4 Exactitud y Veracidad de los datos facilitados<\/strong><\/p>\n<p>Las personas usuarias de los servicios de SULQUISA, S.A. garantizan y responden de la exactitud, vigencia y autenticidad de los datos personales facilitados y se comprometen a mantenerlos debidamente actualizados.<\/p>\n<p><strong>3.5 Conservaci\u00f3n<\/strong><\/p>\n<p>Los datos personales proporcionados se conservar\u00e1n mientras sean necesarios para atender a las finalidades para las que, en cada caso, hayan sido recabados o generados y la persona interesada no solicite su supresi\u00f3n u oposici\u00f3n al tratamiento, pudiendo mantenerse no obstante conforme a los plazos legales de cumplimiento de obligaciones exigibles normativamente a SULQUISA, S.A.<\/p>\n<p><strong>3.6 Legitimaci\u00f3n. T\u00edtulo Legal habilitante para el uso de los datos<\/strong><\/p>\n<p>La legitimaci\u00f3n para el tratamiento de los datos por parte de SULQUISA, S.A. se efectuar\u00e1 en los t\u00e9rminos establecidos por el Reglamento General Europeo de Protecci\u00f3n de Datos, siendo informada la persona titular de los mismos del t\u00edtulo o t\u00edtulos de licitud que en cada prestaci\u00f3n de servicio se apliquen, y que podr\u00e1n ser el consentimiento, la ejecuci\u00f3n de una relaci\u00f3n jur\u00eddica en la que la persona sea parte, el cumplimiento de una obligaci\u00f3n jur\u00eddica o el inter\u00e9s leg\u00edtimo de SULQUISA, S.A. en el desarrollo de sus servicios y competencias.<\/p>\n<p><strong>3.7 Destinatarios<\/strong><\/p>\n<p>Durante el tratamiento de los datos personales SULQUISA, S.A. no realizar\u00e1 ninguna cesi\u00f3n de estos a terceros excepto que medie el previo consentimiento expreso de la persona usuaria si SULQUISA, S.A. as\u00ed se lo solicitara o en caso de que fuera necesaria para dar cumplimiento a una obligaci\u00f3n legal.<\/p>\n<p>Asimismo, la prestaci\u00f3n de los distintos servicios puede requerir la comunicaci\u00f3n a empresas, principalmente de servicios inform\u00e1ticos, vinculadas a la prestaci\u00f3n del servicio de que se trate y que dan soporte a los servicio de SULQUISA, S.A. haci\u00e9ndolo con las garant\u00edas adecuadas y preservando la seguridad de los datos y en cumplimiento a la legislaci\u00f3n europea.<\/p>\n<p><strong>3.8 Derechos<\/strong><\/p>\n<p>SULQUISA, S.A. facilita a las personas interesadas el ejercicio de los siguientes derechos vinculados al tratamiento de sus datos personales:<\/p>\n<ul>\n<li>Derecho a solicitar el acceso a sus datos personales.<\/li>\n<li>Derecho a solicitar su rectificaci\u00f3n o supresi\u00f3n.<\/li>\n<li>Derecho a solicitar la limitaci\u00f3n de su tratamiento.<\/li>\n<li>Derecho a oponerse al tratamiento.<\/li>\n<li>Derecho a la portabilidad de los datos.<\/li>\n<li>Derecho a retirar el consentimiento prestado.<\/li>\n<\/ul>\n<p>Cualquier persona tiene derecho a obtener confirmaci\u00f3n sobre si SULQUISA, S.A. trata datos personales que le conciernan, pudiendo acceder las personas interesadas a sus datos personales, as\u00ed como a solicitar la rectificaci\u00f3n de los datos inexactos o, en su caso, solicitar su supresi\u00f3n cuando, entre otros motivos, los datos ya no sean necesarios para los fines que fueron recogidos.<\/p>\n<p>En determinadas circunstancias, las personas interesadas podr\u00e1n solicitar la limitaci\u00f3n del tratamiento de sus datos, en cuyo caso \u00fanicamente se conservar\u00e1n para el ejercicio o la defensa de reclamaciones. Asimismo, en determinadas circunstancias y por motivos relacionados con su situaci\u00f3n particular, las personas interesadas podr\u00e1n oponerse al tratamiento de sus datos. En este caso, SULQUISA, S.A. dejar\u00e1 de tratar los datos, salvo por motivos leg\u00edtimos o el ejercicio o la defensa de posibles reclamaciones.<\/p>\n<p>Si ha otorgado su consentimiento para alguna finalidad concreta, la persona interesada tiene derecho a retirar el consentimiento otorgado en cualquier momento, sin que ello afecte a la licitud del tratamiento basado en el consentimiento previo a su retirada.<\/p>\n<p>Para ello podr\u00e1 dirigir un escrito a SULQUISA, S.A. en la direcci\u00f3n postal c\/Avda Algota n\u00ba 16 &#8211; 48992 Getxo (Vizcaya) o enviar un correo electr\u00f3nico a <a href=\"mailto:lopd@minersa.com\">lopd@minersa.com<\/a>.<\/p>\n<p><strong>3.9. <\/strong>Politica privacidad clientes<\/p>\n<p><strong>3.10. <\/strong>Politica privacidad contactos<\/p>\n<p><strong>4. Propiedad Intelectual e industrial<\/strong><\/p>\n<p>El sitio web, incluyendo a t\u00edtulo enunciativo pero no limitativo su programaci\u00f3n, edici\u00f3n, compilaci\u00f3n y dem\u00e1s elementos necesarios para su funcionamiento, los dise\u00f1os, logotipos, texto y\/o gr\u00e1ficos son propiedad del prestador o en su caso dispone de licencia o autorizaci\u00f3n expresa por parte de los autores. Todos los contenidos del sitio web se encuentran debidamente protegidos por la normativa de propiedad intelectual e industrial, as\u00ed como inscritos en los registros p\u00fablicos correspondientes.<\/p>\n<p>Independientemente de la finalidad para la que fueran destinados, la reproducci\u00f3n total o parcial, uso, explotaci\u00f3n, distribuci\u00f3n y comercializaci\u00f3n, requiere en todo caso de la autorizaci\u00f3n escrita previa por parte del prestador. Cualquier uso no autorizado previamente por parte del prestador ser\u00e1 considerado un incumplimiento grave de los derechos de propiedad intelectual o industrial del autor.<\/p>\n<p>Los dise\u00f1os, logotipos, texto y\/o gr\u00e1ficos ajenos al prestador y que pudieran aparecer en el sitio web, pertenecen a sus respectivos propietarios, siendo ellos mismos responsables de cualquier posible controversia que pudiera suscitarse respecto a los mismos. En todo caso, el prestador cuenta con la autorizaci\u00f3n expresa y previa por parte de los mismos.<\/p>\n<p>El prestador autoriza\/no autoriza expresamente a que terceros puedan redirigir directamente a los contenidos concretos del sitio web, debiendo en todo caso redirigir al sitio web principal del prestador. El prestador reconoce a favor de sus titulares los correspondientes derechos de propiedad industrial e intelectual, no implicando su sola menci\u00f3n o aparici\u00f3n en el sitio web la existencia de derechos o responsabilidad alguna del prestador sobre los mismos, como tampoco respaldo, patrocinio o recomendaci\u00f3n por parte del mismo.<\/p>\n<p>Para realizar cualquier tipo de observaci\u00f3n respecto a posibles incumplimientos de los derechos de propiedad intelectual o industrial, as\u00ed como sobre cualquiera de los contenidos del sitio web, puede hacerlo a trav\u00e9s del siguiente correo electr\u00f3nico : <a href=\"mailto:info@minersa.com\">info@minersa.com<\/a>.<\/p>\n<p><strong>5. Ley Aplicable y Jurisdicci\u00f3n<\/strong><\/p>\n<p>Para la resoluci\u00f3n de todas las controversias o cuestiones relacionadas con el presente sitio web o de las actividades en \u00e9l desarrolladas, ser\u00e1 de aplicaci\u00f3n la legislaci\u00f3n espa\u00f1ola, a la que se someten expresamente las partes, siendo competentes para la resoluci\u00f3n de todos los conflictos derivados o relacionados con su uso los Juzgados y Tribunales de Vizcaya.<\/p>\n<\/article>\n<\/article>\n<\/section>\n<p>[\/vc_column_text][\/vc_column][\/vc_row]<\/p>\n<\/div>","protected":false},"excerpt":{"rendered":"<p>[vc_row full_width=&#8221;stretch_row&#8221; css=&#8221;.vc_custom_1626758718078{background-image: url(http:\/\/www.sulquisa.com\/wp-content\/uploads\/2021\/07\/Cabecera_03.jpg?id=15) !important;background-position: center !important;background-repeat: no-repeat !important;background-size: cover !important;}&#8221; el_class=&#8221;titular&#8221;][vc_column][vc_column_text css=&#8221;.vc_custom_1645705161808{margin-bottom: 0px !important;padding-bottom: 20px !important;}&#8221;]Privacy Policy[\/vc_column_text][vc_column_text el_class=&#8221;breadcrumb&#8221;][\/vc_column_text][\/vc_column][\/vc_row][vc_row el_class=&#8221;texto_legales&#8221;][vc_column][vc_column_text] AVISO LEGAL T\u00e9rminos de uso 1. Objeto El prestador, responsable del sitio web, pone a disposici\u00f3n de los usuarios el presente documento con el que pretende dar cumplimiento a las obligaciones dispuestas en la Ley [&hellip;]<\/p>\n","protected":false},"author":1,"featured_media":0,"parent":0,"menu_order":0,"comment_status":"closed","ping_status":"closed","template":"","meta":{"footnotes":""},"class_list":["post-495","page","type-page","status-publish","hentry"],"yoast_head":"<!-- This site is optimized with the Yoast SEO plugin v23.4 - https:\/\/yoast.com\/wordpress\/plugins\/seo\/ -->\n<title>Privacy Policy - Sulquisa - Sulfato s\u00f3dico natural<\/title>\n<meta name=\"robots\" content=\"index, follow, max-snippet:-1, max-image-preview:large, max-video-preview:-1\" \/>\n<link rel=\"canonical\" href=\"https:\/\/www.sulquisa.com\/en\/privacy-policy\/\" \/>\n<meta property=\"og:locale\" content=\"en_US\" \/>\n<meta property=\"og:type\" content=\"article\" \/>\n<meta property=\"og:title\" content=\"Privacy Policy - Sulquisa - Sulfato s\u00f3dico natural\" \/>\n<meta property=\"og:description\" content=\"[vc_row full_width=&#8221;stretch_row&#8221; css=&#8221;.vc_custom_1626758718078{background-image: url(http:\/\/www.sulquisa.com\/wp-content\/uploads\/2021\/07\/Cabecera_03.jpg?id=15) !important;background-position: center !important;background-repeat: no-repeat !important;background-size: cover !important;}&#8221; el_class=&#8221;titular&#8221;][vc_column][vc_column_text css=&#8221;.vc_custom_1645705161808{margin-bottom: 0px !important;padding-bottom: 20px !important;}&#8221;]Privacy Policy[\/vc_column_text][vc_column_text el_class=&#8221;breadcrumb&#8221;][\/vc_column_text][\/vc_column][\/vc_row][vc_row el_class=&#8221;texto_legales&#8221;][vc_column][vc_column_text] AVISO LEGAL T\u00e9rminos de uso 1. Objeto El prestador, responsable del sitio web, pone a disposici\u00f3n de los usuarios el presente documento con el que pretende dar cumplimiento a las obligaciones dispuestas en la Ley [&hellip;]\" \/>\n<meta property=\"og:url\" content=\"https:\/\/www.sulquisa.com\/en\/privacy-policy\/\" \/>\n<meta property=\"og:site_name\" content=\"Sulquisa - Sulfato s\u00f3dico natural\" \/>\n<meta property=\"article:modified_time\" content=\"2023-07-13T11:18:42+00:00\" \/>\n<meta name=\"twitter:card\" content=\"summary_large_image\" \/>\n<meta name=\"twitter:label1\" content=\"Est. reading time\" \/>\n\t<meta name=\"twitter:data1\" content=\"9 minutes\" \/>\n<script type=\"application\/ld+json\" class=\"yoast-schema-graph\">{\"@context\":\"https:\/\/schema.org\",\"@graph\":[{\"@type\":\"WebPage\",\"@id\":\"https:\/\/www.sulquisa.com\/en\/privacy-policy\/\",\"url\":\"https:\/\/www.sulquisa.com\/en\/privacy-policy\/\",\"name\":\"Privacy Policy - Sulquisa - Sulfato s\u00f3dico natural\",\"isPartOf\":{\"@id\":\"https:\/\/www.sulquisa.com\/#website\"},\"datePublished\":\"2022-01-26T10:15:43+00:00\",\"dateModified\":\"2023-07-13T11:18:42+00:00\",\"breadcrumb\":{\"@id\":\"https:\/\/www.sulquisa.com\/en\/privacy-policy\/#breadcrumb\"},\"inLanguage\":\"en-US\",\"potentialAction\":[{\"@type\":\"ReadAction\",\"target\":[\"https:\/\/www.sulquisa.com\/en\/privacy-policy\/\"]}]},{\"@type\":\"BreadcrumbList\",\"@id\":\"https:\/\/www.sulquisa.com\/en\/privacy-policy\/#breadcrumb\",\"itemListElement\":[{\"@type\":\"ListItem\",\"position\":1,\"name\":\"Home\",\"item\":\"http:\/\/www.sulquisa.com\/en\/\"},{\"@type\":\"ListItem\",\"position\":2,\"name\":\"Privacy Policy\"}]},{\"@type\":\"WebSite\",\"@id\":\"https:\/\/www.sulquisa.com\/#website\",\"url\":\"https:\/\/www.sulquisa.com\/\",\"name\":\"Sulquisa - Sulfato s\u00f3dico natural\",\"description\":\"Sulfato s\u00f3dico natural\",\"potentialAction\":[{\"@type\":\"SearchAction\",\"target\":{\"@type\":\"EntryPoint\",\"urlTemplate\":\"https:\/\/www.sulquisa.com\/?s={search_term_string}\"},\"query-input\":{\"@type\":\"PropertyValueSpecification\",\"valueRequired\":true,\"valueName\":\"search_term_string\"}}],\"inLanguage\":\"en-US\"}]}<\/script>\n<!-- \/ Yoast SEO plugin. -->","yoast_head_json":{"title":"Privacy Policy - Sulquisa - Sulfato s\u00f3dico natural","robots":{"index":"index","follow":"follow","max-snippet":"max-snippet:-1","max-image-preview":"max-image-preview:large","max-video-preview":"max-video-preview:-1"},"canonical":"https:\/\/www.sulquisa.com\/en\/privacy-policy\/","og_locale":"en_US","og_type":"article","og_title":"Privacy Policy - Sulquisa - Sulfato s\u00f3dico natural","og_description":"[vc_row full_width=&#8221;stretch_row&#8221; css=&#8221;.vc_custom_1626758718078{background-image: url(http:\/\/www.sulquisa.com\/wp-content\/uploads\/2021\/07\/Cabecera_03.jpg?id=15) !important;background-position: center !important;background-repeat: no-repeat !important;background-size: cover !important;}&#8221; el_class=&#8221;titular&#8221;][vc_column][vc_column_text css=&#8221;.vc_custom_1645705161808{margin-bottom: 0px !important;padding-bottom: 20px !important;}&#8221;]Privacy Policy[\/vc_column_text][vc_column_text el_class=&#8221;breadcrumb&#8221;][\/vc_column_text][\/vc_column][\/vc_row][vc_row el_class=&#8221;texto_legales&#8221;][vc_column][vc_column_text] AVISO LEGAL T\u00e9rminos de uso 1. Objeto El prestador, responsable del sitio web, pone a disposici\u00f3n de los usuarios el presente documento con el que pretende dar cumplimiento a las obligaciones dispuestas en la Ley [&hellip;]","og_url":"https:\/\/www.sulquisa.com\/en\/privacy-policy\/","og_site_name":"Sulquisa - Sulfato s\u00f3dico natural","article_modified_time":"2023-07-13T11:18:42+00:00","twitter_card":"summary_large_image","twitter_misc":{"Est. reading time":"9 minutes"},"schema":{"@context":"https:\/\/schema.org","@graph":[{"@type":"WebPage","@id":"https:\/\/www.sulquisa.com\/en\/privacy-policy\/","url":"https:\/\/www.sulquisa.com\/en\/privacy-policy\/","name":"Privacy Policy - Sulquisa - Sulfato s\u00f3dico natural","isPartOf":{"@id":"https:\/\/www.sulquisa.com\/#website"},"datePublished":"2022-01-26T10:15:43+00:00","dateModified":"2023-07-13T11:18:42+00:00","breadcrumb":{"@id":"https:\/\/www.sulquisa.com\/en\/privacy-policy\/#breadcrumb"},"inLanguage":"en-US","potentialAction":[{"@type":"ReadAction","target":["https:\/\/www.sulquisa.com\/en\/privacy-policy\/"]}]},{"@type":"BreadcrumbList","@id":"https:\/\/www.sulquisa.com\/en\/privacy-policy\/#breadcrumb","itemListElement":[{"@type":"ListItem","position":1,"name":"Home","item":"http:\/\/www.sulquisa.com\/en\/"},{"@type":"ListItem","position":2,"name":"Privacy Policy"}]},{"@type":"WebSite","@id":"https:\/\/www.sulquisa.com\/#website","url":"https:\/\/www.sulquisa.com\/","name":"Sulquisa - Sulfato s\u00f3dico natural","description":"Sulfato s\u00f3dico natural","potentialAction":[{"@type":"SearchAction","target":{"@type":"EntryPoint","urlTemplate":"https:\/\/www.sulquisa.com\/?s={search_term_string}"},"query-input":{"@type":"PropertyValueSpecification","valueRequired":true,"valueName":"search_term_string"}}],"inLanguage":"en-US"}]}},"_links":{"self":[{"href":"http:\/\/www.sulquisa.com\/en\/wp-json\/wp\/v2\/pages\/495","targetHints":{"allow":["GET"]}}],"collection":[{"href":"http:\/\/www.sulquisa.com\/en\/wp-json\/wp\/v2\/pages"}],"about":[{"href":"http:\/\/www.sulquisa.com\/en\/wp-json\/wp\/v2\/types\/page"}],"author":[{"embeddable":true,"href":"http:\/\/www.sulquisa.com\/en\/wp-json\/wp\/v2\/users\/1"}],"replies":[{"embeddable":true,"href":"http:\/\/www.sulquisa.com\/en\/wp-json\/wp\/v2\/comments?post=495"}],"version-history":[{"count":5,"href":"http:\/\/www.sulquisa.com\/en\/wp-json\/wp\/v2\/pages\/495\/revisions"}],"predecessor-version":[{"id":624,"href":"http:\/\/www.sulquisa.com\/en\/wp-json\/wp\/v2\/pages\/495\/revisions\/624"}],"wp:attachment":[{"href":"http:\/\/www.sulquisa.com\/en\/wp-json\/wp\/v2\/media?parent=495"}],"curies":[{"name":"wp","href":"https:\/\/api.w.org\/{rel}","templated":true}]}}