{"id":667,"date":"2024-09-11T08:22:27","date_gmt":"2024-09-11T08:22:27","guid":{"rendered":"https:\/\/www.sulquisa.com\/mas-informacion\/"},"modified":"2024-09-11T09:09:03","modified_gmt":"2024-09-11T09:09:03","slug":"mas-informacion","status":"publish","type":"page","link":"http:\/\/www.sulquisa.com\/en\/mas-informacion\/","title":{"rendered":"More Info"},"content":{"rendered":"<div class=\"wpb-content-wrapper\"><p>[vc_row full_width=&#8221;stretch_row&#8221; css=&#8221;.vc_custom_1626758718078{background-image: url(http:\/\/www.sulquisa.com\/wp-content\/uploads\/2021\/07\/Cabecera_03.jpg?id=15) !important;background-position: center !important;background-repeat: no-repeat !important;background-size: cover !important;}&#8221; el_class=&#8221;titular&#8221;][vc_column][vc_column_text css=&#8221;.vc_custom_1726045738709{margin-bottom: 0px !important;padding-bottom: 20px !important;}&#8221;]More Info[\/vc_column_text][vc_column_text el_class=&#8221;breadcrumb&#8221;]<span><span><a href=\"http:\/\/www.sulquisa.com\/en\/\">Home<\/a><\/span><\/span>[\/vc_column_text][\/vc_column][\/vc_row][vc_row el_class=&#8221;texto_legales&#8221;][vc_column][vc_column_text]<\/p>\n<section id=\"col_cent\">\n<article>\n<article>\n<div class=\"vc_row wpb_row vc_row-fluid texto_legales\">\n<div class=\"wpb_column vc_column_container vc_col-sm-12\">\n<div class=\"vc_column-inner\">\n<div class=\"wpb_wrapper\">\n<div class=\"wpb_text_column wpb_content_element \">\n<div class=\"wpb_wrapper\">\n<h2>Proyecto \u201cInstalaci\u00f3n fotovoltaica con almacenamiento para autoconsumo\u201d<\/h2>\n<p>&nbsp;<\/p>\n<p>Proyecto acogido al programa de incentivos ligados al autoconsumo y almacenamiento, con fuentes de energ\u00eda renovable, as\u00ed como a la implantaci\u00f3n de sistemas t\u00e9rmicos renovables en el sector residencial en el marco del Plan de Recuperaci\u00f3n, Transformaci\u00f3n y Resiliencia, financiado por la Uni\u00f3n Europea \u2013 NextGenerationEU. <strong>\u201c#PlanDeRecuperaci\u00f3n\u201d<\/strong><\/p>\n<ul>\n<li>Beneficiario: SAU SULQUISA<\/li>\n<li>Componente (C7:l1): DESARROLLO DE ENERG\u00cdAS RENOVABLES<\/li>\n<li>Inversi\u00f3n total: 7.238.055,82\u20ac<\/li>\n<li>Importe de la ayuda: 345.000\u20ac<\/li>\n<li>Potencia (kW): 10.526,00<\/li>\n<\/ul>\n<p>&nbsp;<\/p>\n<\/div>\n<\/div>\n<\/div>\n<\/div>\n<\/div>\n<\/div>\n<\/article>\n<\/article>\n<\/section>\n<p>[\/vc_column_text][\/vc_column][\/vc_row][vc_row][vc_column width=&#8221;1\/4&#8243;][vc_single_image image=&#8221;661&#8243; img_size=&#8221;full&#8221; alignment=&#8221;center&#8221;][\/vc_column][vc_column width=&#8221;1\/4&#8243;][vc_single_image image=&#8221;659&#8243; img_size=&#8221;full&#8221; alignment=&#8221;center&#8221;][\/vc_column][vc_column width=&#8221;1\/4&#8243;][vc_single_image image=&#8221;657&#8243; img_size=&#8221;full&#8221; alignment=&#8221;center&#8221;][\/vc_column][vc_column width=&#8221;1\/4&#8243;][vc_single_image image=&#8221;655&#8243; img_size=&#8221;full&#8221; alignment=&#8221;center&#8221;][\/vc_column][\/vc_row]<\/p>\n<\/div>","protected":false},"excerpt":{"rendered":"<p>[vc_row full_width=&#8221;stretch_row&#8221; css=&#8221;.vc_custom_1626758718078{background-image: url(http:\/\/www.sulquisa.com\/wp-content\/uploads\/2021\/07\/Cabecera_03.jpg?id=15) !important;background-position: center !important;background-repeat: no-repeat !important;background-size: cover !important;}&#8221; el_class=&#8221;titular&#8221;][vc_column][vc_column_text css=&#8221;.vc_custom_1726045738709{margin-bottom: 0px !important;padding-bottom: 20px !important;}&#8221;]More Info[\/vc_column_text][vc_column_text el_class=&#8221;breadcrumb&#8221;][\/vc_column_text][\/vc_column][\/vc_row][vc_row el_class=&#8221;texto_legales&#8221;][vc_column][vc_column_text] Proyecto \u201cInstalaci\u00f3n fotovoltaica con almacenamiento para autoconsumo\u201d &nbsp; Proyecto acogido al programa de incentivos ligados al autoconsumo y almacenamiento, con fuentes de energ\u00eda renovable, as\u00ed como a la implantaci\u00f3n de sistemas t\u00e9rmicos renovables en el [&hellip;]<\/p>\n","protected":false},"author":1,"featured_media":0,"parent":0,"menu_order":0,"comment_status":"closed","ping_status":"closed","template":"","meta":{"footnotes":""},"class_list":["post-667","page","type-page","status-publish","hentry"],"yoast_head":"<!-- This site is optimized with the Yoast SEO plugin v23.4 - https:\/\/yoast.com\/wordpress\/plugins\/seo\/ -->\n<title>More Info - Sulquisa - Sulfato s\u00f3dico natural<\/title>\n<meta name=\"robots\" content=\"index, follow, max-snippet:-1, max-image-preview:large, max-video-preview:-1\" \/>\n<link rel=\"canonical\" href=\"https:\/\/www.sulquisa.com\/en\/mas-informacion\/\" \/>\n<meta property=\"og:locale\" content=\"en_US\" \/>\n<meta property=\"og:type\" content=\"article\" \/>\n<meta property=\"og:title\" content=\"More Info - Sulquisa - Sulfato s\u00f3dico natural\" \/>\n<meta property=\"og:description\" content=\"[vc_row full_width=&#8221;stretch_row&#8221; css=&#8221;.vc_custom_1626758718078{background-image: url(http:\/\/www.sulquisa.com\/wp-content\/uploads\/2021\/07\/Cabecera_03.jpg?id=15) !important;background-position: center !important;background-repeat: no-repeat !important;background-size: cover !important;}&#8221; el_class=&#8221;titular&#8221;][vc_column][vc_column_text css=&#8221;.vc_custom_1726045738709{margin-bottom: 0px !important;padding-bottom: 20px !important;}&#8221;]More Info[\/vc_column_text][vc_column_text el_class=&#8221;breadcrumb&#8221;][\/vc_column_text][\/vc_column][\/vc_row][vc_row el_class=&#8221;texto_legales&#8221;][vc_column][vc_column_text] Proyecto \u201cInstalaci\u00f3n fotovoltaica con almacenamiento para autoconsumo\u201d &nbsp; Proyecto acogido al programa de incentivos ligados al autoconsumo y almacenamiento, con fuentes de energ\u00eda renovable, as\u00ed como a la implantaci\u00f3n de sistemas t\u00e9rmicos renovables en el [&hellip;]\" \/>\n<meta property=\"og:url\" content=\"https:\/\/www.sulquisa.com\/en\/mas-informacion\/\" \/>\n<meta property=\"og:site_name\" content=\"Sulquisa - Sulfato s\u00f3dico natural\" \/>\n<meta property=\"article:modified_time\" content=\"2024-09-11T09:09:03+00:00\" \/>\n<meta name=\"twitter:card\" content=\"summary_large_image\" \/>\n<meta name=\"twitter:label1\" content=\"Est. reading time\" \/>\n\t<meta name=\"twitter:data1\" content=\"2 minutes\" \/>\n<script type=\"application\/ld+json\" class=\"yoast-schema-graph\">{\"@context\":\"https:\/\/schema.org\",\"@graph\":[{\"@type\":\"WebPage\",\"@id\":\"https:\/\/www.sulquisa.com\/en\/mas-informacion\/\",\"url\":\"https:\/\/www.sulquisa.com\/en\/mas-informacion\/\",\"name\":\"More Info - Sulquisa - Sulfato s\u00f3dico natural\",\"isPartOf\":{\"@id\":\"https:\/\/www.sulquisa.com\/#website\"},\"datePublished\":\"2024-09-11T08:22:27+00:00\",\"dateModified\":\"2024-09-11T09:09:03+00:00\",\"breadcrumb\":{\"@id\":\"https:\/\/www.sulquisa.com\/en\/mas-informacion\/#breadcrumb\"},\"inLanguage\":\"en-US\",\"potentialAction\":[{\"@type\":\"ReadAction\",\"target\":[\"https:\/\/www.sulquisa.com\/en\/mas-informacion\/\"]}]},{\"@type\":\"BreadcrumbList\",\"@id\":\"https:\/\/www.sulquisa.com\/en\/mas-informacion\/#breadcrumb\",\"itemListElement\":[{\"@type\":\"ListItem\",\"position\":1,\"name\":\"Home\",\"item\":\"http:\/\/www.sulquisa.com\/en\/\"},{\"@type\":\"ListItem\",\"position\":2,\"name\":\"More Info\"}]},{\"@type\":\"WebSite\",\"@id\":\"https:\/\/www.sulquisa.com\/#website\",\"url\":\"https:\/\/www.sulquisa.com\/\",\"name\":\"Sulquisa - Sulfato s\u00f3dico natural\",\"description\":\"Sulfato s\u00f3dico natural\",\"potentialAction\":[{\"@type\":\"SearchAction\",\"target\":{\"@type\":\"EntryPoint\",\"urlTemplate\":\"https:\/\/www.sulquisa.com\/?s={search_term_string}\"},\"query-input\":{\"@type\":\"PropertyValueSpecification\",\"valueRequired\":true,\"valueName\":\"search_term_string\"}}],\"inLanguage\":\"en-US\"}]}<\/script>\n<!-- \/ Yoast SEO plugin. -->","yoast_head_json":{"title":"More Info - Sulquisa - Sulfato s\u00f3dico natural","robots":{"index":"index","follow":"follow","max-snippet":"max-snippet:-1","max-image-preview":"max-image-preview:large","max-video-preview":"max-video-preview:-1"},"canonical":"https:\/\/www.sulquisa.com\/en\/mas-informacion\/","og_locale":"en_US","og_type":"article","og_title":"More Info - Sulquisa - Sulfato s\u00f3dico natural","og_description":"[vc_row full_width=&#8221;stretch_row&#8221; css=&#8221;.vc_custom_1626758718078{background-image: url(http:\/\/www.sulquisa.com\/wp-content\/uploads\/2021\/07\/Cabecera_03.jpg?id=15) !important;background-position: center !important;background-repeat: no-repeat !important;background-size: cover !important;}&#8221; el_class=&#8221;titular&#8221;][vc_column][vc_column_text css=&#8221;.vc_custom_1726045738709{margin-bottom: 0px !important;padding-bottom: 20px !important;}&#8221;]More Info[\/vc_column_text][vc_column_text el_class=&#8221;breadcrumb&#8221;][\/vc_column_text][\/vc_column][\/vc_row][vc_row el_class=&#8221;texto_legales&#8221;][vc_column][vc_column_text] Proyecto \u201cInstalaci\u00f3n fotovoltaica con almacenamiento para autoconsumo\u201d &nbsp; Proyecto acogido al programa de incentivos ligados al autoconsumo y almacenamiento, con fuentes de energ\u00eda renovable, as\u00ed como a la implantaci\u00f3n de sistemas t\u00e9rmicos renovables en el [&hellip;]","og_url":"https:\/\/www.sulquisa.com\/en\/mas-informacion\/","og_site_name":"Sulquisa - Sulfato s\u00f3dico natural","article_modified_time":"2024-09-11T09:09:03+00:00","twitter_card":"summary_large_image","twitter_misc":{"Est. reading time":"2 minutes"},"schema":{"@context":"https:\/\/schema.org","@graph":[{"@type":"WebPage","@id":"https:\/\/www.sulquisa.com\/en\/mas-informacion\/","url":"https:\/\/www.sulquisa.com\/en\/mas-informacion\/","name":"More Info - Sulquisa - Sulfato s\u00f3dico natural","isPartOf":{"@id":"https:\/\/www.sulquisa.com\/#website"},"datePublished":"2024-09-11T08:22:27+00:00","dateModified":"2024-09-11T09:09:03+00:00","breadcrumb":{"@id":"https:\/\/www.sulquisa.com\/en\/mas-informacion\/#breadcrumb"},"inLanguage":"en-US","potentialAction":[{"@type":"ReadAction","target":["https:\/\/www.sulquisa.com\/en\/mas-informacion\/"]}]},{"@type":"BreadcrumbList","@id":"https:\/\/www.sulquisa.com\/en\/mas-informacion\/#breadcrumb","itemListElement":[{"@type":"ListItem","position":1,"name":"Home","item":"http:\/\/www.sulquisa.com\/en\/"},{"@type":"ListItem","position":2,"name":"More Info"}]},{"@type":"WebSite","@id":"https:\/\/www.sulquisa.com\/#website","url":"https:\/\/www.sulquisa.com\/","name":"Sulquisa - Sulfato s\u00f3dico natural","description":"Sulfato s\u00f3dico natural","potentialAction":[{"@type":"SearchAction","target":{"@type":"EntryPoint","urlTemplate":"https:\/\/www.sulquisa.com\/?s={search_term_string}"},"query-input":{"@type":"PropertyValueSpecification","valueRequired":true,"valueName":"search_term_string"}}],"inLanguage":"en-US"}]}},"_links":{"self":[{"href":"http:\/\/www.sulquisa.com\/en\/wp-json\/wp\/v2\/pages\/667","targetHints":{"allow":["GET"]}}],"collection":[{"href":"http:\/\/www.sulquisa.com\/en\/wp-json\/wp\/v2\/pages"}],"about":[{"href":"http:\/\/www.sulquisa.com\/en\/wp-json\/wp\/v2\/types\/page"}],"author":[{"embeddable":true,"href":"http:\/\/www.sulquisa.com\/en\/wp-json\/wp\/v2\/users\/1"}],"replies":[{"embeddable":true,"href":"http:\/\/www.sulquisa.com\/en\/wp-json\/wp\/v2\/comments?post=667"}],"version-history":[{"count":3,"href":"http:\/\/www.sulquisa.com\/en\/wp-json\/wp\/v2\/pages\/667\/revisions"}],"predecessor-version":[{"id":670,"href":"http:\/\/www.sulquisa.com\/en\/wp-json\/wp\/v2\/pages\/667\/revisions\/670"}],"wp:attachment":[{"href":"http:\/\/www.sulquisa.com\/en\/wp-json\/wp\/v2\/media?parent=667"}],"curies":[{"name":"wp","href":"https:\/\/api.w.org\/{rel}","templated":true}]}}